{"id":5,"date":"2009-05-13T11:31:46","date_gmt":"2009-05-13T09:31:46","guid":{"rendered":"http:\/\/localhost\/jaszczura\/?page_id=5"},"modified":"2025-02-20T07:03:49","modified_gmt":"2025-02-20T06:03:49","slug":"biografia","status":"publish","type":"page","link":"https:\/\/grzegorzjaszczura.pl\/?page_id=5","title":{"rendered":"Biografia"},"content":{"rendered":"<p style=\"text-align: justify;\"><a href=\"http:\/\/grzegorzjaszczura.pl\/http:\/\/grzegorzjaszczura.pl\/wp-content\/uploads\/2009\/05\/jaszczura-swobodnie.jpg\"><img loading=\"lazy\" decoding=\"async\" class=\"alignleft size-thumbnail wp-image-400\" title=\"jaszczura-swobodnie\" src=\"http:\/\/grzegorzjaszczura.pl\/http:\/\/grzegorzjaszczura.pl\/wp-content\/uploads\/2009\/05\/jaszczura-swobodnie-150x150.jpg\" alt=\"jaszczura-swobodnie\" width=\"150\" height=\"150\" \/><\/a>Urodzi\u0142em si\u0119 19 pa\u017adziernika 1958 r. w Strzemieszycach Ma\u0142ych (obecnie D\u0105browa G\u00f3rnicza). Po uko\u0144czeniu o\u015bmioklasowej Szko\u0142y Podstawowej nr 19 im. Tadeusza Ko\u015bciuszki oraz I Liceum Og\u00f3lnokszta\u0142c\u0105cego im. Waleriana \u0141ukasi\u0144skiego w D\u0105browie G\u00f3rniczej, studiowa\u0142em w latach 1977-78 fizyk\u0119, na Wydziale Matematyki, Fizyki i Chemii Uniwersytetu \u015al\u0105skiego w Katowicach. Nast\u0119pnie w latach 1978-84 budownictwo og\u00f3lne, na Wydziale Budownictwa Politechniki \u015al\u0105skiej w Gliwicach, w specjalno\u015bci konstrukcje budowlane i in\u017cynierskie. Studia uko\u0144czy\u0142em z wynikiem dobrym, zdobywaj\u0105c tytu\u0142 magistra in\u017cyniera budownictwa (dyplom 61353 z dn. 13.06.1984.). W roku 2009 uko\u0144czy\u0142em studia podyplomowe Rachunkowo\u015b\u0107 i finanse na Uniwersytecie Ekonomicznym w Krakowie, broni\u0105c z wynikiem bardzo dobrym prac\u0119 o &#8222;Funkcjonowaniu sp\u00f3\u0142ki cichej w Polsce&#8221; (\u015bwiadectwo 09I\/2009\/4912 z dn. 16.12.2009.).<\/p>\n<p class=\"MsoNormal\" style=\"text-align: justify; text-indent: 36pt;\">Po s\u0142u\u017cbie wojskowej, kt\u00f3r\u0105 odby\u0142em w 1985 r. i uko\u0144czy\u0142em w stopniu sier\u017canta podchor\u0105\u017cego, rozpocz\u0105\u0142em prac\u0119 jako Kierownik Zespo\u0142u Wykonawc\u00f3w w SBU \u201eStudent-Service\u201d w Gliwicach. W latach 1990-1991 by\u0142em Dyrektorem i wsp\u00f3\u0142w\u0142a\u015bcicielem Przedsi\u0119biorstwa Wytw\u00f3rczo-Us\u0142ugowego \u201eCommerce\u201d Sp. z o.o. w D\u0105browie G\u00f3rniczej. Od 1991 roku, prowadz\u0119 dzia\u0142alno\u015b\u0107 gospodarcz\u0105 pod firm\u0105 PUH \u201eConsor\u201d (do 09.12.2019 r.). Od pocz\u0105tku tego tysi\u0105clecia, tj. 1 stycznia 2001 roku jestem Wiceprezesem i wsp\u00f3\u0142w\u0142a\u015bcicielem przedsi\u0119biorstwa \u201eWorldpol\u201d Sp. z o.o. (cz\u0142onka Zag\u0142\u0119biowskiej Izby Gospodarczej, od 09.01.2003. do 2022.).<\/p>\n<p class=\"MsoNormal\" style=\"text-align: justify; text-indent: 36pt;\">Od 25 kwietnia 1987 r. jestem \u017conaty z Ew\u0105, z wykszta\u0142cenia magistrem ekonomii. Mamy dwie c\u00f3rki: Majk\u0119 (urodzon\u0105 w 1988 r., absolwentk\u0119 Uniwersytetu Medycznego w Zabrzu, dr. n. med.) i Ma\u0142gorzat\u0119 (urodzon\u0105 w 1990 r., absolwentk\u0119 Uniwersytetu Ekonomicznego w Katowicach). Obie uko\u0144czy\u0142y I LO im. W. \u0141ukasi\u0144skiego w D\u0105browie G\u00f3rniczej. W\u0142a\u015bnie Rodzin\u0119 uwa\u017cam za swoje najwi\u0119ksze osi\u0105gni\u0119cie.<\/p>\n<p class=\"MsoNormal\" style=\"text-align: justify; text-indent: 36pt;\">Z mojej dzia\u0142alno\u015bci politycznej chcia\u0142bym podkre\u015bli\u0107, \u017ce od 1980 r. jestem cz\u0142onkiem Niezale\u017cnego Zrzeszenia Student\u00f3w. Jako cz\u0142onek NZS by\u0142em uczestnikiem strajk\u00f3w na Politechnice \u015al\u0105skiej w Gliwicach w latach 1980-1981, przeciwko indoktrynacji marksistowsko-leninowskiej student\u00f3w polskich. W rozumieniu ustawy o Instytucie Pami\u0119ci Narodowej z 1998 r. jestem osob\u0105 pokrzywdzon\u0105.<\/p>\n<p class=\"MsoNormal\" style=\"text-align: justify; text-indent: 36pt;\">By\u0142em kandydatem do Sejmu RP w 2001, 2005 i 2007, do Senatu RP w 2011 (wynik w okr\u0119gu jednomandatowym nr 76 to 7004 g\u0142osy) oraz do Parlamentu Europejskiego w 2004. Od 1994 nale\u017c\u0119 (z przerw\u0105) do Unii Polityki Realnej, gdzie od 2004 pe\u0142ni\u0142em funkcj\u0119 Prezesa oddzia\u0142u UPR w D\u0105browie G\u00f3rniczej (by\u0142em tak\u017ce Sekretarzem oddzia\u0142u i Wiceprezesem okr\u0119gu \u015bl\u0105skiego). Od 16.04.2011 r. nale\u017c\u0119 do Kongresu Nowej Prawicy, od 26.06.2011 r. piastowa\u0142em funkcj\u0119 Cz\u0142onka S\u0105du Naczelnego. Startowa\u0142em tak\u017ce w wyborach samorz\u0105dowych (w 1998, 2006, 2010, 2014, 2018 i 2024). W latach 2006 &#8211; 2010 oraz 2014 &#8211; 2024) pe\u0142ni\u0142em funkcj\u0119 Radnego Rady Miejskiej D\u0105browy G\u00f3rniczej. M. in. z mojej inicjatywy podj\u0119to uchwa\u0142\u0119 o sprzeda\u017cy mieszka\u0144 komunalnych z zasob\u00f3w Gminy z bonifikat\u0105 do 90% i zwrotem kaucji. Wyst\u0119powa\u0142em z licznymi interpelacjami w sprawie niekorzystnych wg mnie dla Gminy kontrakt\u00f3w na budow\u0119 i eksploatacj\u0119 budynku dla urz\u0119dnik\u00f3w Centrum Administracji i obiektu aquaparku, finansowania sp\u00f3\u0142ki Nemo-Wodny \u015awiat sp. z o.o. z pieni\u0119dzy podatnik\u00f3w, gospodarki odpadami komunalnymi w Gminie, funkcjonowania Stra\u017cy Miejskiej, zwi\u0119kszenia ilo\u015bci miejsc parkingowych w mie\u015bcie i wielu innych. Sprzeciwia\u0142em si\u0119 w Radzie Miasta podwy\u017cszaniu podatk\u00f3w od nieruchomo\u015bci, w tym tak\u017ce od przedsi\u0119biorc\u00f3w, a tak\u017ce wprowadzeniu op\u0142at adiacenckich. Tak\u017ce z mojej inicjatywy zlikwidowano op\u0142at\u0119 od posiadania ps\u00f3w w D\u0105browie G\u00f3rniczej (2009-2010 i od 2013). By\u0142em inicjatorem projektu uchwa\u0142y d\u0105\u017c\u0105cej do zmniejszenia wielko\u015bci diet wszystkim radnym Rady Miejskiej o 50% (dwukrotnie).<\/p>\n<p class=\"MsoNormal\" style=\"text-align: justify; text-indent: 36pt;\">Wspiera\u0142em uchwa\u0142y o przeznaczeniu sporych kwot na remont zabytk\u00f3w sakralnych w D\u0105browie G\u00f3rniczej: Bazyliki pw. Matki Boskiej Anielskiej oraz Ko\u015bcio\u0142a \u015bw. Antoniego w Go\u0142onogu. Odczyta\u0142em na sesji Rady Miasta o\u015bwiadczenie popieraj\u0105ce dezubekizacj\u0119 miasta, w tym usuni\u0119cie pomnik\u00f3w propaguj\u0105cych zbrodniczy system komunistyczny. Usuwanie pomnik\u00f3w zako\u0144czone sukcesem trwa\u0142o (za wyj\u0105tkiem jednego pomnika komunistycznego) do 2022 r.<\/p>\n<p class=\"MsoNormal\" style=\"text-align: justify; text-indent: 36pt;\">Podstawowym fundamentem, a tak\u017ce celem moich dzia\u0142a\u0144 w Radzie Miasta D\u0105browy G\u00f3rniczej jest walka z marnotrawieniem pieni\u0119dzy podatnik\u00f3w. W\u0142a\u015bciwie powy\u017cszemu celowi s\u0142u\u017c\u0105 wszelkie moje dzia\u0142ania na niwie politycznej.<\/p>\n<p style=\"text-align: justify;\">By\u0142em cz\u0142onkiem partii &#8222;Prawo i Sprawiedliwo\u015b\u0107&#8221; w D\u0105browie G\u00f3rniczej (okr\u0119g nr 32 Sosnowiec), od 08.05.2017. do 29.02.2024.<\/p>\n<p style=\"text-align: justify;\">By\u0142em kandydatem na prezydenta D\u0105browy G\u00f3rniczej w wyborach samorz\u0105dowych (07.04.2024 r.), z ramienia Komitetu Wyborczego D\u0105browa 2030 Koalicja D\u0105browskiej Prawicy, jako bezpartyjny samorz\u0105dowiec.<\/p>\n<p class=\"MsoNormal\" style=\"text-align: justify; text-indent: 36pt;\">Prowadz\u0119 dzia\u0142alno\u015b\u0107 spo\u0142eczn\u0105 i charytatywn\u0105. Jestem autorem artyku\u0142\u00f3w na tematy gospodarczo-polityczne. Wydawa\u0142em przez kilka lat \u201eInformator Prawicowy\u201d w D\u0105browie G\u00f3rniczej (V.2003 &#8211; VIII.2008). Wsp\u00f3\u0142pracowa\u0142em i wspomaga\u0142em wydawanie dwumiesi\u0119cznika \u201eZag\u0142\u0119bie Wolno\u015bci Pismo Konserwatywne\u201d (od 08.10.2008. do 10.2012.), wsp\u00f3\u0142pracowa\u0142em przy wydawaniu dwumiesi\u0119cznika &#8222;G\u0142os D\u0105browski&#8221;. Wsp\u00f3\u0142pracowa\u0142em tak\u017ce z periodykiem &#8222;Rolowana D\u0105browa&#8221; (od 2018.).<\/p>\n<p class=\"MsoNormal\" style=\"text-align: justify; text-indent: 36pt;\">Od 1990 r. jestem cz\u0142onkiem Stowarzyszenia Wychowank\u00f3w Wydzia\u0142u Budownictwa Politechniki \u015al\u0105skiej w Gliwicach. Jestem Wiceprzewodnicz\u0105cym Stowarzyszenia Absolwent\u00f3w I LO im. W. \u0141ukasi\u0144skiego w D\u0105browie G\u00f3rniczej (od 16.06.2008., ponownie od 28.08.2019.).<\/p>\n<p class=\"MsoNormal\" style=\"text-align: justify; text-indent: 36pt;\">By\u0142em cz\u0142onkiem Rady Spo\u0142ecznej Szpitala Specjalistycznego im. Batorego w Bytomiu w latach 1999-2002. Od 25.11.2020 r. by\u0142em cz\u0142onkiem Rady Spo\u0142ecznej szpitala miejskiego ZCOSS w D\u0105browie G\u00f3rniczej (do 01.02.2024 r.). Jestem cz\u0142onkiem Polskiego Czerwonego Krzy\u017ca (15.09.1973-1977 oraz od 04.10.2012.), by\u0142em Honorowym Dawc\u0105 Krwi (1985 r.). Od 29.08.2012. jestem cz\u0142onkiem Polskiego Zwi\u0105zku Dzia\u0142kowc\u00f3w.<\/p>\n<p class=\"MsoNormal\" style=\"text-align: justify; text-indent: 36pt;\">Wsp\u00f3\u0142organizowa\u0142em Instytut im. Kazimierza Wielkiego w Katowicach, jednak\u017ce nie dosz\u0142o do jego rejestracji. Powsta\u0142 on jako \u015al\u0105ski Instytut Rozwoju Regionalnego (03.04.2005.), by\u0142em jego wsp\u00f3\u0142za\u0142o\u017cycielem i ekspertem. Od 23.03.2011. by\u0142em cz\u0142onkiem lokalnego Stowarzyszenia &#8222;Nasza D\u0105browa&#8221;. Od 05.03.2014. (rejestracja 22.04.2014.) jestem cz\u0142onkiem kapitu\u0142y stowarzyszenia Konfederacja dla D\u0105browy G\u00f3rniczej.<\/p>\n<p style=\"text-align: justify;\">Jestem fundatorem Fundacji Nowe Zag\u0142\u0119bie z siedzib\u0105 w D\u0105browie G\u00f3rniczej (27.02.2021 r.).<\/p>\n<p class=\"MsoNormal\" style=\"text-align: justify; text-indent: 36pt;\">Uko\u0144czy\u0142em szkolenie PUNU na wykonywanie czynno\u015bci agenta ubezpieczeniowego (zezw. Nr 304367\/02 z dn. 18.01.2002.), kurs dla kandydat\u00f3w na cz\u0142onk\u00f3w rad nadzorczych w GIG w Katowicach (za\u015bw. z dn. 17.03.2006.). Posiadam te\u017c pozytywnie zdany egzamin dla kandydat\u00f3w na cz\u0142onk\u00f3w rad nadzorczych w sp\u00f3\u0142kach Skarbu Pa\u0144stwa (dyplom nr 833\/2006 z dn. 28.03.2006.) oraz Certyfikat ksi\u0119gowy Nr 42970\/2010 wyd. przez Ministra Finans\u00f3w z dn. 27.05.2010. Uko\u0144czy\u0142em kurs &#8222;Ochrona danych osobowych w 2015 r.&#8221; za\u015bw. z dn. 17.02.2015., szkolenie w zakresie BHP (nr za\u015bw. BR 072\/2016 z dn. 21.07.2016).<\/p>\n<p class=\"MsoNormal\" style=\"text-align: justify; text-indent: 36pt;\">Od 16.01.2017. by\u0142em cz\u0142onkiem Rady Nadzorczej BTS Sp. z o.o. w D\u0105browie G\u00f3rniczej jako Przewodnicz\u0105cy, a od 27.06.2019 jako Z-ca Przewodnicz\u0105cego (do 30.04.2020 r.).<\/p>\n<p class=\"MsoNormal\" style=\"text-align: justify; text-indent: 36pt;\">Umieszczony w encyklopedii \u201eWho is who w Polsce\u201d, IV wyd. 2005, tak\u017ce w &#8222;Encyklopedii osobisto\u015bci RP&#8221;, IX wyd. 2023. Znam j\u0119zyk francuski i rosyjski. Moje hobby to: sport (pi\u0142ka no\u017cna, bryd\u017c), turystyka, falerystyka i literatura science-fiction.<\/p>\n","protected":false},"excerpt":{"rendered":"<p>Urodzi\u0142em si\u0119 19 pa\u017adziernika 1958 r. w Strzemieszycach Ma\u0142ych (obecnie D\u0105browa G\u00f3rnicza). Po uko\u0144czeniu o\u015bmioklasowej Szko\u0142y Podstawowej nr 19 im. Tadeusza Ko\u015bciuszki oraz I Liceum Og\u00f3lnokszta\u0142c\u0105cego im. Waleriana \u0141ukasi\u0144skiego w D\u0105browie G\u00f3rniczej, studiowa\u0142em w latach 1977-78 fizyk\u0119, na Wydziale Matematyki, Fizyki i Chemii Uniwersytetu \u015al\u0105skiego w Katowicach. Nast\u0119pnie w latach 1978-84 budownictwo og\u00f3lne, na Wydziale [&hellip;]<\/p>\n","protected":false},"author":1,"featured_media":0,"parent":0,"menu_order":0,"comment_status":"open","ping_status":"open","template":"","meta":{"_monsterinsights_skip_tracking":false,"_monsterinsights_sitenote_active":false,"_monsterinsights_sitenote_note":"","_monsterinsights_sitenote_category":0,"footnotes":""},"class_list":["post-5","page","type-page","status-publish","hentry"],"_links":{"self":[{"href":"https:\/\/grzegorzjaszczura.pl\/index.php?rest_route=\/wp\/v2\/pages\/5","targetHints":{"allow":["GET"]}}],"collection":[{"href":"https:\/\/grzegorzjaszczura.pl\/index.php?rest_route=\/wp\/v2\/pages"}],"about":[{"href":"https:\/\/grzegorzjaszczura.pl\/index.php?rest_route=\/wp\/v2\/types\/page"}],"author":[{"embeddable":true,"href":"https:\/\/grzegorzjaszczura.pl\/index.php?rest_route=\/wp\/v2\/users\/1"}],"replies":[{"embeddable":true,"href":"https:\/\/grzegorzjaszczura.pl\/index.php?rest_route=%2Fwp%2Fv2%2Fcomments&post=5"}],"version-history":[{"count":70,"href":"https:\/\/grzegorzjaszczura.pl\/index.php?rest_route=\/wp\/v2\/pages\/5\/revisions"}],"predecessor-version":[{"id":70122,"href":"https:\/\/grzegorzjaszczura.pl\/index.php?rest_route=\/wp\/v2\/pages\/5\/revisions\/70122"}],"wp:attachment":[{"href":"https:\/\/grzegorzjaszczura.pl\/index.php?rest_route=%2Fwp%2Fv2%2Fmedia&parent=5"}],"curies":[{"name":"wp","href":"https:\/\/api.w.org\/{rel}","templated":true}]}}